{"id":59434,"date":"2020-08-24T11:34:34","date_gmt":"2020-08-24T09:34:34","guid":{"rendered":"https:\/\/rail.boomsoftware.com\/ecm-standards\/"},"modified":"2022-09-09T10:53:32","modified_gmt":"2022-09-09T08:53:32","slug":"ecm-standards","status":"publish","type":"page","link":"https:\/\/rail.boomsoftware.com\/pl\/ecm-standards\/","title":{"rendered":"ECM"},"content":{"rendered":"","protected":false},"excerpt":{"rendered":"","protected":false},"author":2,"featured_media":0,"parent":0,"menu_order":0,"comment_status":"closed","ping_status":"closed","template":"","meta":{"_acf_changed":false,"inline_featured_image":false,"footnotes":""},"class_list":["post-59434","page","type-page","status-publish","hentry"],"acf":[],"yoast_head":"<!-- This site is optimized with the Yoast SEO plugin v27.4 - https:\/\/yoast.com\/product\/yoast-seo-wordpress\/ -->\n<title>Jednostka odpowiedzialna za zgodno\u015b\u0107 z zasadami utrzymania<\/title>\n<meta name=\"description\" content=\"Nasze rozwi\u0105zania dla kolei wspieraj\u0105 zarz\u0105dc\u00f3w ECM 3 i ECM 4 w przestrzeganiu rozporz\u0105dzenia w sprawie podmiotu odpowiedzialnego za utrzymanie.\" \/>\n<meta name=\"robots\" content=\"index, follow, max-snippet:-1, max-image-preview:large, max-video-preview:-1\" \/>\n<link rel=\"canonical\" href=\"https:\/\/rail.boomsoftware.com\/pl\/ecm-standards\/\" \/>\n<meta property=\"og:locale\" content=\"pl_PL\" \/>\n<meta property=\"og:type\" content=\"article\" \/>\n<meta property=\"og:title\" content=\"ECM standards\" \/>\n<meta property=\"og:description\" content=\"Boom Rail Solutions erf\u00fcllen die ECM Standards\" \/>\n<meta property=\"og:url\" content=\"https:\/\/rail.boomsoftware.com\/pl\/ecm-standards\/\" \/>\n<meta property=\"og:site_name\" content=\"BOOM\" \/>\n<meta property=\"article:publisher\" content=\"https:\/\/www.facebook.com\/BoomSoftware\" \/>\n<meta property=\"article:modified_time\" content=\"2022-09-09T08:53:32+00:00\" \/>\n<meta property=\"og:image\" content=\"https:\/\/rail.boomsoftware.com\/wp-content\/uploads\/2021\/05\/ECMpost_de.jpg\" \/>\n\t<meta property=\"og:image:width\" content=\"744\" \/>\n\t<meta property=\"og:image:height\" content=\"400\" \/>\n\t<meta property=\"og:image:type\" content=\"image\/jpeg\" \/>\n<meta name=\"twitter:card\" content=\"summary_large_image\" \/>\n<script type=\"application\/ld+json\" class=\"yoast-schema-graph\">{\"@context\":\"https:\\\/\\\/schema.org\",\"@graph\":[{\"@type\":\"WebPage\",\"@id\":\"https:\\\/\\\/rail.boomsoftware.com\\\/pl\\\/ecm-standards\\\/\",\"url\":\"https:\\\/\\\/rail.boomsoftware.com\\\/pl\\\/ecm-standards\\\/\",\"name\":\"Jednostka odpowiedzialna za zgodno\u015b\u0107 z zasadami utrzymania\",\"isPartOf\":{\"@id\":\"https:\\\/\\\/rail.boomsoftware.com\\\/pl\\\/#website\"},\"datePublished\":\"2020-08-24T09:34:34+00:00\",\"dateModified\":\"2022-09-09T08:53:32+00:00\",\"description\":\"Nasze rozwi\u0105zania dla kolei wspieraj\u0105 zarz\u0105dc\u00f3w ECM 3 i ECM 4 w przestrzeganiu rozporz\u0105dzenia w sprawie podmiotu odpowiedzialnego za utrzymanie.\",\"breadcrumb\":{\"@id\":\"https:\\\/\\\/rail.boomsoftware.com\\\/pl\\\/ecm-standards\\\/#breadcrumb\"},\"inLanguage\":\"pl-PL\",\"potentialAction\":[{\"@type\":\"ReadAction\",\"target\":[\"https:\\\/\\\/rail.boomsoftware.com\\\/pl\\\/ecm-standards\\\/\"]}]},{\"@type\":\"BreadcrumbList\",\"@id\":\"https:\\\/\\\/rail.boomsoftware.com\\\/pl\\\/ecm-standards\\\/#breadcrumb\",\"itemListElement\":[{\"@type\":\"ListItem\",\"position\":1,\"name\":\"Startseite\",\"item\":\"https:\\\/\\\/rail.boomsoftware.com\\\/pl\\\/\"},{\"@type\":\"ListItem\",\"position\":2,\"name\":\"ECM\"}]},{\"@type\":\"WebSite\",\"@id\":\"https:\\\/\\\/rail.boomsoftware.com\\\/pl\\\/#website\",\"url\":\"https:\\\/\\\/rail.boomsoftware.com\\\/pl\\\/\",\"name\":\"BOOM\",\"description\":\"\",\"publisher\":{\"@id\":\"https:\\\/\\\/rail.boomsoftware.com\\\/pl\\\/#organization\"},\"potentialAction\":[{\"@type\":\"SearchAction\",\"target\":{\"@type\":\"EntryPoint\",\"urlTemplate\":\"https:\\\/\\\/rail.boomsoftware.com\\\/pl\\\/?s={search_term_string}\"},\"query-input\":{\"@type\":\"PropertyValueSpecification\",\"valueRequired\":true,\"valueName\":\"search_term_string\"}}],\"inLanguage\":\"pl-PL\"},{\"@type\":\"Organization\",\"@id\":\"https:\\\/\\\/rail.boomsoftware.com\\\/pl\\\/#organization\",\"name\":\"Boom Software GmbH\",\"url\":\"https:\\\/\\\/rail.boomsoftware.com\\\/pl\\\/\",\"logo\":{\"@type\":\"ImageObject\",\"inLanguage\":\"pl-PL\",\"@id\":\"https:\\\/\\\/rail.boomsoftware.com\\\/pl\\\/#\\\/schema\\\/logo\\\/image\\\/\",\"url\":\"https:\\\/\\\/rail.boomsoftware.com\\\/wp-content\\\/uploads\\\/2020\\\/06\\\/boomlogo.svg\",\"contentUrl\":\"https:\\\/\\\/rail.boomsoftware.com\\\/wp-content\\\/uploads\\\/2020\\\/06\\\/boomlogo.svg\",\"width\":190,\"height\":42,\"caption\":\"Boom Software GmbH\"},\"image\":{\"@id\":\"https:\\\/\\\/rail.boomsoftware.com\\\/pl\\\/#\\\/schema\\\/logo\\\/image\\\/\"},\"sameAs\":[\"https:\\\/\\\/www.facebook.com\\\/BoomSoftware\",\"https:\\\/\\\/www.linkedin.com\\\/company\\\/boom-software\\\/\"]}]}<\/script>\n<!-- \/ Yoast SEO plugin. -->","yoast_head_json":{"title":"Jednostka odpowiedzialna za zgodno\u015b\u0107 z zasadami utrzymania","description":"Nasze rozwi\u0105zania dla kolei wspieraj\u0105 zarz\u0105dc\u00f3w ECM 3 i ECM 4 w przestrzeganiu rozporz\u0105dzenia w sprawie podmiotu odpowiedzialnego za utrzymanie.","robots":{"index":"index","follow":"follow","max-snippet":"max-snippet:-1","max-image-preview":"max-image-preview:large","max-video-preview":"max-video-preview:-1"},"canonical":"https:\/\/rail.boomsoftware.com\/pl\/ecm-standards\/","og_locale":"pl_PL","og_type":"article","og_title":"ECM standards","og_description":"Boom Rail Solutions erf\u00fcllen die ECM Standards","og_url":"https:\/\/rail.boomsoftware.com\/pl\/ecm-standards\/","og_site_name":"BOOM","article_publisher":"https:\/\/www.facebook.com\/BoomSoftware","article_modified_time":"2022-09-09T08:53:32+00:00","og_image":[{"width":744,"height":400,"url":"https:\/\/rail.boomsoftware.com\/wp-content\/uploads\/2021\/05\/ECMpost_de.jpg","type":"image\/jpeg"}],"twitter_card":"summary_large_image","schema":{"@context":"https:\/\/schema.org","@graph":[{"@type":"WebPage","@id":"https:\/\/rail.boomsoftware.com\/pl\/ecm-standards\/","url":"https:\/\/rail.boomsoftware.com\/pl\/ecm-standards\/","name":"Jednostka odpowiedzialna za zgodno\u015b\u0107 z zasadami utrzymania","isPartOf":{"@id":"https:\/\/rail.boomsoftware.com\/pl\/#website"},"datePublished":"2020-08-24T09:34:34+00:00","dateModified":"2022-09-09T08:53:32+00:00","description":"Nasze rozwi\u0105zania dla kolei wspieraj\u0105 zarz\u0105dc\u00f3w ECM 3 i ECM 4 w przestrzeganiu rozporz\u0105dzenia w sprawie podmiotu odpowiedzialnego za utrzymanie.","breadcrumb":{"@id":"https:\/\/rail.boomsoftware.com\/pl\/ecm-standards\/#breadcrumb"},"inLanguage":"pl-PL","potentialAction":[{"@type":"ReadAction","target":["https:\/\/rail.boomsoftware.com\/pl\/ecm-standards\/"]}]},{"@type":"BreadcrumbList","@id":"https:\/\/rail.boomsoftware.com\/pl\/ecm-standards\/#breadcrumb","itemListElement":[{"@type":"ListItem","position":1,"name":"Startseite","item":"https:\/\/rail.boomsoftware.com\/pl\/"},{"@type":"ListItem","position":2,"name":"ECM"}]},{"@type":"WebSite","@id":"https:\/\/rail.boomsoftware.com\/pl\/#website","url":"https:\/\/rail.boomsoftware.com\/pl\/","name":"BOOM","description":"","publisher":{"@id":"https:\/\/rail.boomsoftware.com\/pl\/#organization"},"potentialAction":[{"@type":"SearchAction","target":{"@type":"EntryPoint","urlTemplate":"https:\/\/rail.boomsoftware.com\/pl\/?s={search_term_string}"},"query-input":{"@type":"PropertyValueSpecification","valueRequired":true,"valueName":"search_term_string"}}],"inLanguage":"pl-PL"},{"@type":"Organization","@id":"https:\/\/rail.boomsoftware.com\/pl\/#organization","name":"Boom Software GmbH","url":"https:\/\/rail.boomsoftware.com\/pl\/","logo":{"@type":"ImageObject","inLanguage":"pl-PL","@id":"https:\/\/rail.boomsoftware.com\/pl\/#\/schema\/logo\/image\/","url":"https:\/\/rail.boomsoftware.com\/wp-content\/uploads\/2020\/06\/boomlogo.svg","contentUrl":"https:\/\/rail.boomsoftware.com\/wp-content\/uploads\/2020\/06\/boomlogo.svg","width":190,"height":42,"caption":"Boom Software GmbH"},"image":{"@id":"https:\/\/rail.boomsoftware.com\/pl\/#\/schema\/logo\/image\/"},"sameAs":["https:\/\/www.facebook.com\/BoomSoftware","https:\/\/www.linkedin.com\/company\/boom-software\/"]}]}},"_links":{"self":[{"href":"https:\/\/rail.boomsoftware.com\/pl\/wp-json\/wp\/v2\/pages\/59434","targetHints":{"allow":["GET"]}}],"collection":[{"href":"https:\/\/rail.boomsoftware.com\/pl\/wp-json\/wp\/v2\/pages"}],"about":[{"href":"https:\/\/rail.boomsoftware.com\/pl\/wp-json\/wp\/v2\/types\/page"}],"author":[{"embeddable":true,"href":"https:\/\/rail.boomsoftware.com\/pl\/wp-json\/wp\/v2\/users\/2"}],"replies":[{"embeddable":true,"href":"https:\/\/rail.boomsoftware.com\/pl\/wp-json\/wp\/v2\/comments?post=59434"}],"version-history":[{"count":5,"href":"https:\/\/rail.boomsoftware.com\/pl\/wp-json\/wp\/v2\/pages\/59434\/revisions"}],"predecessor-version":[{"id":59963,"href":"https:\/\/rail.boomsoftware.com\/pl\/wp-json\/wp\/v2\/pages\/59434\/revisions\/59963"}],"wp:attachment":[{"href":"https:\/\/rail.boomsoftware.com\/pl\/wp-json\/wp\/v2\/media?parent=59434"}],"curies":[{"name":"wp","href":"https:\/\/api.w.org\/{rel}","templated":true}]}}