{"id":59429,"date":"2021-10-06T13:31:51","date_gmt":"2021-10-06T11:31:51","guid":{"rendered":"https:\/\/rail.boomsoftware.com\/nahverkehr\/"},"modified":"2026-02-11T07:58:39","modified_gmt":"2026-02-11T06:58:39","slug":"nahverkehr","status":"publish","type":"page","link":"https:\/\/rail.boomsoftware.com\/fr\/nahverkehr\/","title":{"rendered":"Nahverkehr"},"content":{"rendered":"","protected":false},"excerpt":{"rendered":"","protected":false},"author":2,"featured_media":0,"parent":0,"menu_order":0,"comment_status":"closed","ping_status":"closed","template":"","meta":{"_acf_changed":false,"inline_featured_image":false,"footnotes":""},"class_list":["post-59429","page","type-page","status-publish","hentry"],"acf":[],"yoast_head":"<!-- This site is optimized with the Yoast SEO plugin v27.5 - https:\/\/yoast.com\/product\/yoast-seo-wordpress\/ -->\n<title>Boom Bus &amp; Rail Solutions Software f\u00fcr den \u00d6PNV<\/title>\n<meta name=\"description\" content=\"Die vollumf\u00e4ngliche L\u00f6sung f\u00fcr den \u00f6ffentlichen Personennahverkehr, die die Verf\u00fcgbarkeit und Verl\u00e4sslichkeit von Assets steigert.\" \/>\n<meta name=\"robots\" content=\"index, follow, max-snippet:-1, max-image-preview:large, max-video-preview:-1\" \/>\n<link rel=\"canonical\" href=\"https:\/\/rail.boomsoftware.com\/fr\/nahverkehr\/\" \/>\n<meta property=\"og:locale\" content=\"fr_FR\" \/>\n<meta property=\"og:type\" content=\"article\" \/>\n<meta property=\"og:title\" content=\"Boom Bus &amp; Rail Solutions Software f\u00fcr den \u00d6PNV\" \/>\n<meta property=\"og:description\" content=\"Die vollumf\u00e4ngliche L\u00f6sung f\u00fcr den \u00f6ffentlichen Personennahverkehr, die die Verf\u00fcgbarkeit und Verl\u00e4sslichkeit von Assets steigert.\" \/>\n<meta property=\"og:url\" content=\"https:\/\/rail.boomsoftware.com\/fr\/nahverkehr\/\" \/>\n<meta property=\"og:site_name\" content=\"BOOM\" \/>\n<meta property=\"article:publisher\" content=\"https:\/\/www.facebook.com\/BoomSoftware\" \/>\n<meta property=\"article:modified_time\" content=\"2026-02-11T06:58:39+00:00\" \/>\n<meta property=\"og:image\" content=\"https:\/\/rail.boomsoftware.com\/wp-content\/uploads\/2021\/10\/Strassenbahn_BBRS.jpg\" \/>\n\t<meta property=\"og:image:width\" content=\"1000\" \/>\n\t<meta property=\"og:image:height\" content=\"667\" \/>\n\t<meta property=\"og:image:type\" content=\"image\/jpeg\" \/>\n<meta name=\"twitter:card\" content=\"summary_large_image\" \/>\n<script type=\"application\/ld+json\" class=\"yoast-schema-graph\">{\"@context\":\"https:\\\/\\\/schema.org\",\"@graph\":[{\"@type\":\"WebPage\",\"@id\":\"https:\\\/\\\/rail.boomsoftware.com\\\/fr\\\/nahverkehr\\\/\",\"url\":\"https:\\\/\\\/rail.boomsoftware.com\\\/fr\\\/nahverkehr\\\/\",\"name\":\"Boom Bus & Rail Solutions Software f\u00fcr den \u00d6PNV\",\"isPartOf\":{\"@id\":\"https:\\\/\\\/rail.boomsoftware.com\\\/fr\\\/#website\"},\"datePublished\":\"2021-10-06T11:31:51+00:00\",\"dateModified\":\"2026-02-11T06:58:39+00:00\",\"description\":\"Die vollumf\u00e4ngliche L\u00f6sung f\u00fcr den \u00f6ffentlichen Personennahverkehr, die die Verf\u00fcgbarkeit und Verl\u00e4sslichkeit von Assets steigert.\",\"breadcrumb\":{\"@id\":\"https:\\\/\\\/rail.boomsoftware.com\\\/fr\\\/nahverkehr\\\/#breadcrumb\"},\"inLanguage\":\"fr-FR\",\"potentialAction\":[{\"@type\":\"ReadAction\",\"target\":[\"https:\\\/\\\/rail.boomsoftware.com\\\/fr\\\/nahverkehr\\\/\"]}]},{\"@type\":\"BreadcrumbList\",\"@id\":\"https:\\\/\\\/rail.boomsoftware.com\\\/fr\\\/nahverkehr\\\/#breadcrumb\",\"itemListElement\":[{\"@type\":\"ListItem\",\"position\":1,\"name\":\"Startseite\",\"item\":\"https:\\\/\\\/rail.boomsoftware.com\\\/fr\\\/homeseite\\\/\"},{\"@type\":\"ListItem\",\"position\":2,\"name\":\"Nahverkehr\"}]},{\"@type\":\"WebSite\",\"@id\":\"https:\\\/\\\/rail.boomsoftware.com\\\/fr\\\/#website\",\"url\":\"https:\\\/\\\/rail.boomsoftware.com\\\/fr\\\/\",\"name\":\"BOOM\",\"description\":\"\",\"publisher\":{\"@id\":\"https:\\\/\\\/rail.boomsoftware.com\\\/fr\\\/#organization\"},\"potentialAction\":[{\"@type\":\"SearchAction\",\"target\":{\"@type\":\"EntryPoint\",\"urlTemplate\":\"https:\\\/\\\/rail.boomsoftware.com\\\/fr\\\/?s={search_term_string}\"},\"query-input\":{\"@type\":\"PropertyValueSpecification\",\"valueRequired\":true,\"valueName\":\"search_term_string\"}}],\"inLanguage\":\"fr-FR\"},{\"@type\":\"Organization\",\"@id\":\"https:\\\/\\\/rail.boomsoftware.com\\\/fr\\\/#organization\",\"name\":\"Boom Software GmbH\",\"url\":\"https:\\\/\\\/rail.boomsoftware.com\\\/fr\\\/\",\"logo\":{\"@type\":\"ImageObject\",\"inLanguage\":\"fr-FR\",\"@id\":\"https:\\\/\\\/rail.boomsoftware.com\\\/fr\\\/#\\\/schema\\\/logo\\\/image\\\/\",\"url\":\"https:\\\/\\\/rail.boomsoftware.com\\\/wp-content\\\/uploads\\\/2020\\\/06\\\/boomlogo.svg\",\"contentUrl\":\"https:\\\/\\\/rail.boomsoftware.com\\\/wp-content\\\/uploads\\\/2020\\\/06\\\/boomlogo.svg\",\"width\":190,\"height\":42,\"caption\":\"Boom Software GmbH\"},\"image\":{\"@id\":\"https:\\\/\\\/rail.boomsoftware.com\\\/fr\\\/#\\\/schema\\\/logo\\\/image\\\/\"},\"sameAs\":[\"https:\\\/\\\/www.facebook.com\\\/BoomSoftware\",\"https:\\\/\\\/www.linkedin.com\\\/company\\\/boom-software\\\/\"]}]}<\/script>\n<!-- \/ Yoast SEO plugin. -->","yoast_head_json":{"title":"Boom Bus & Rail Solutions Software f\u00fcr den \u00d6PNV","description":"Die vollumf\u00e4ngliche L\u00f6sung f\u00fcr den \u00f6ffentlichen Personennahverkehr, die die Verf\u00fcgbarkeit und Verl\u00e4sslichkeit von Assets steigert.","robots":{"index":"index","follow":"follow","max-snippet":"max-snippet:-1","max-image-preview":"max-image-preview:large","max-video-preview":"max-video-preview:-1"},"canonical":"https:\/\/rail.boomsoftware.com\/fr\/nahverkehr\/","og_locale":"fr_FR","og_type":"article","og_title":"Boom Bus & Rail Solutions Software f\u00fcr den \u00d6PNV","og_description":"Die vollumf\u00e4ngliche L\u00f6sung f\u00fcr den \u00f6ffentlichen Personennahverkehr, die die Verf\u00fcgbarkeit und Verl\u00e4sslichkeit von Assets steigert.","og_url":"https:\/\/rail.boomsoftware.com\/fr\/nahverkehr\/","og_site_name":"BOOM","article_publisher":"https:\/\/www.facebook.com\/BoomSoftware","article_modified_time":"2026-02-11T06:58:39+00:00","og_image":[{"width":1000,"height":667,"url":"https:\/\/rail.boomsoftware.com\/wp-content\/uploads\/2021\/10\/Strassenbahn_BBRS.jpg","type":"image\/jpeg"}],"twitter_card":"summary_large_image","schema":{"@context":"https:\/\/schema.org","@graph":[{"@type":"WebPage","@id":"https:\/\/rail.boomsoftware.com\/fr\/nahverkehr\/","url":"https:\/\/rail.boomsoftware.com\/fr\/nahverkehr\/","name":"Boom Bus & Rail Solutions Software f\u00fcr den \u00d6PNV","isPartOf":{"@id":"https:\/\/rail.boomsoftware.com\/fr\/#website"},"datePublished":"2021-10-06T11:31:51+00:00","dateModified":"2026-02-11T06:58:39+00:00","description":"Die vollumf\u00e4ngliche L\u00f6sung f\u00fcr den \u00f6ffentlichen Personennahverkehr, die die Verf\u00fcgbarkeit und Verl\u00e4sslichkeit von Assets steigert.","breadcrumb":{"@id":"https:\/\/rail.boomsoftware.com\/fr\/nahverkehr\/#breadcrumb"},"inLanguage":"fr-FR","potentialAction":[{"@type":"ReadAction","target":["https:\/\/rail.boomsoftware.com\/fr\/nahverkehr\/"]}]},{"@type":"BreadcrumbList","@id":"https:\/\/rail.boomsoftware.com\/fr\/nahverkehr\/#breadcrumb","itemListElement":[{"@type":"ListItem","position":1,"name":"Startseite","item":"https:\/\/rail.boomsoftware.com\/fr\/homeseite\/"},{"@type":"ListItem","position":2,"name":"Nahverkehr"}]},{"@type":"WebSite","@id":"https:\/\/rail.boomsoftware.com\/fr\/#website","url":"https:\/\/rail.boomsoftware.com\/fr\/","name":"BOOM","description":"","publisher":{"@id":"https:\/\/rail.boomsoftware.com\/fr\/#organization"},"potentialAction":[{"@type":"SearchAction","target":{"@type":"EntryPoint","urlTemplate":"https:\/\/rail.boomsoftware.com\/fr\/?s={search_term_string}"},"query-input":{"@type":"PropertyValueSpecification","valueRequired":true,"valueName":"search_term_string"}}],"inLanguage":"fr-FR"},{"@type":"Organization","@id":"https:\/\/rail.boomsoftware.com\/fr\/#organization","name":"Boom Software GmbH","url":"https:\/\/rail.boomsoftware.com\/fr\/","logo":{"@type":"ImageObject","inLanguage":"fr-FR","@id":"https:\/\/rail.boomsoftware.com\/fr\/#\/schema\/logo\/image\/","url":"https:\/\/rail.boomsoftware.com\/wp-content\/uploads\/2020\/06\/boomlogo.svg","contentUrl":"https:\/\/rail.boomsoftware.com\/wp-content\/uploads\/2020\/06\/boomlogo.svg","width":190,"height":42,"caption":"Boom Software GmbH"},"image":{"@id":"https:\/\/rail.boomsoftware.com\/fr\/#\/schema\/logo\/image\/"},"sameAs":["https:\/\/www.facebook.com\/BoomSoftware","https:\/\/www.linkedin.com\/company\/boom-software\/"]}]}},"_links":{"self":[{"href":"https:\/\/rail.boomsoftware.com\/fr\/wp-json\/wp\/v2\/pages\/59429","targetHints":{"allow":["GET"]}}],"collection":[{"href":"https:\/\/rail.boomsoftware.com\/fr\/wp-json\/wp\/v2\/pages"}],"about":[{"href":"https:\/\/rail.boomsoftware.com\/fr\/wp-json\/wp\/v2\/types\/page"}],"author":[{"embeddable":true,"href":"https:\/\/rail.boomsoftware.com\/fr\/wp-json\/wp\/v2\/users\/2"}],"replies":[{"embeddable":true,"href":"https:\/\/rail.boomsoftware.com\/fr\/wp-json\/wp\/v2\/comments?post=59429"}],"version-history":[{"count":11,"href":"https:\/\/rail.boomsoftware.com\/fr\/wp-json\/wp\/v2\/pages\/59429\/revisions"}],"predecessor-version":[{"id":92142,"href":"https:\/\/rail.boomsoftware.com\/fr\/wp-json\/wp\/v2\/pages\/59429\/revisions\/92142"}],"wp:attachment":[{"href":"https:\/\/rail.boomsoftware.com\/fr\/wp-json\/wp\/v2\/media?parent=59429"}],"curies":[{"name":"wp","href":"https:\/\/api.w.org\/{rel}","templated":true}]}}